{"id":2817,"date":"2024-03-19T16:52:52","date_gmt":"2024-03-19T16:52:52","guid":{"rendered":"https:\/\/hawai.li\/mrn\/supporters-of-the-museum\/"},"modified":"2024-03-25T09:36:59","modified_gmt":"2024-03-25T09:36:59","slug":"supporters-of-the-museum","status":"publish","type":"page","link":"https:\/\/www.mrn.ch\/en\/supporters-of-the-museum\/","title":{"rendered":"Supporters of the museum"},"content":{"rendered":"\n<h2 class=\"wp-block-heading\"><strong>Foundation for the Development of the Roman Museum<\/strong><\/h2>\n\n<p>The Foundation for the Development of the Roman Museum of Nyon aims to support the development of Roman history in Nyon. It contributes to the conservation, study, presentation and dissemination of the <em>Colonia Iulia Equestris<\/em>&#8216;s exceptional archaeological heritage and the collections of the Roman Museum, which are constantly being enriched by new discoveries.<\/p>\n\n<h2 class=\"wp-block-heading\"><strong>Association des amis des mus\u00e9es de Nyon<\/strong><\/h2>\n\n<p>L\u2019Association des amis des mus\u00e9es de Nyon (AMN) supports the Roman Museum, the Ch\u00e2teau de Nyon and the Mus\u00e9e du L\u00e9man in their scientific and educational missions, by providing occasional funding for the acquisition, conservation, restoration or enhancement of their collections. It also represents the three Nyon museums in Swiss and international bodies involved in heritage protection.<\/p>\n<div class=\"block-buttons\">\n    <a href=\"https:\/\/amn.ch\/\" class=\"btn\" target=\"_blank\" rel=\"noreferrer noopener\" >\n    Make a donation or become an AMN member  <\/a>\n  <\/div>\n<p><\/p>\n","protected":false},"excerpt":{"rendered":"<p>Foundation for the Development of the Roman Museum The Foundation for the Development of the Roman Museum of Nyon aims to support the development of Roman history in Nyon. It contributes to the conservation, study, presentation and dissemination of the Colonia Iulia Equestris&#8216;s exceptional archaeological heritage and the collections of the Roman Museum, which are [&hellip;]<\/p>\n","protected":false},"author":3,"featured_media":0,"parent":0,"menu_order":0,"comment_status":"closed","ping_status":"closed","template":"","meta":{"_acf_changed":false,"footnotes":""},"class_list":["post-2817","page","type-page","status-publish","hentry"],"acf":[],"yoast_head":"<!-- This site is optimized with the Yoast SEO plugin v27.4 - https:\/\/yoast.com\/product\/yoast-seo-wordpress\/ -->\n<title>Supporters of the museum - RMN<\/title>\n<meta name=\"robots\" content=\"index, follow, max-snippet:-1, max-image-preview:large, max-video-preview:-1\" \/>\n<link rel=\"canonical\" href=\"https:\/\/www.mrn.ch\/en\/supporters-of-the-museum\/\" \/>\n<meta property=\"og:locale\" content=\"en_US\" \/>\n<meta property=\"og:type\" content=\"article\" \/>\n<meta property=\"og:title\" content=\"Supporters of the museum - RMN\" \/>\n<meta property=\"og:description\" content=\"Foundation for the Development of the Roman Museum The Foundation for the Development of the Roman Museum of Nyon aims to support the development of Roman history in Nyon. It contributes to the conservation, study, presentation and dissemination of the Colonia Iulia Equestris&#8216;s exceptional archaeological heritage and the collections of the Roman Museum, which are [&hellip;]\" \/>\n<meta property=\"og:url\" content=\"https:\/\/www.mrn.ch\/en\/supporters-of-the-museum\/\" \/>\n<meta property=\"og:site_name\" content=\"RMN\" \/>\n<meta property=\"article:publisher\" content=\"https:\/\/www.facebook.com\/museeromaindenyon\/\" \/>\n<meta property=\"article:modified_time\" content=\"2024-03-25T09:36:59+00:00\" \/>\n<meta name=\"twitter:card\" content=\"summary_large_image\" \/>\n<meta name=\"twitter:label1\" content=\"Est. reading time\" \/>\n\t<meta name=\"twitter:data1\" content=\"1 minute\" \/>\n<script type=\"application\/ld+json\" class=\"yoast-schema-graph\">{\"@context\":\"https:\\\/\\\/schema.org\",\"@graph\":[{\"@type\":\"WebPage\",\"@id\":\"https:\\\/\\\/www.mrn.ch\\\/en\\\/supporters-of-the-museum\\\/\",\"url\":\"https:\\\/\\\/www.mrn.ch\\\/en\\\/supporters-of-the-museum\\\/\",\"name\":\"Supporters of the museum - RMN\",\"isPartOf\":{\"@id\":\"https:\\\/\\\/www.mrn.ch\\\/#website\"},\"datePublished\":\"2024-03-19T16:52:52+00:00\",\"dateModified\":\"2024-03-25T09:36:59+00:00\",\"breadcrumb\":{\"@id\":\"https:\\\/\\\/www.mrn.ch\\\/en\\\/supporters-of-the-museum\\\/#breadcrumb\"},\"inLanguage\":\"en-US\",\"potentialAction\":[{\"@type\":\"ReadAction\",\"target\":[\"https:\\\/\\\/www.mrn.ch\\\/en\\\/supporters-of-the-museum\\\/\"]}]},{\"@type\":\"BreadcrumbList\",\"@id\":\"https:\\\/\\\/www.mrn.ch\\\/en\\\/supporters-of-the-museum\\\/#breadcrumb\",\"itemListElement\":[{\"@type\":\"ListItem\",\"position\":1,\"name\":\"Accueil\",\"item\":\"https:\\\/\\\/www.mrn.ch\\\/en\\\/\"},{\"@type\":\"ListItem\",\"position\":2,\"name\":\"Supporters of the museum\"}]},{\"@type\":\"WebSite\",\"@id\":\"https:\\\/\\\/www.mrn.ch\\\/#website\",\"url\":\"https:\\\/\\\/www.mrn.ch\\\/\",\"name\":\"MRN\",\"description\":\"\",\"publisher\":{\"@id\":\"https:\\\/\\\/www.mrn.ch\\\/#organization\"},\"potentialAction\":[{\"@type\":\"SearchAction\",\"target\":{\"@type\":\"EntryPoint\",\"urlTemplate\":\"https:\\\/\\\/www.mrn.ch\\\/?s={search_term_string}\"},\"query-input\":{\"@type\":\"PropertyValueSpecification\",\"valueRequired\":true,\"valueName\":\"search_term_string\"}}],\"inLanguage\":\"en-US\"},{\"@type\":\"Organization\",\"@id\":\"https:\\\/\\\/www.mrn.ch\\\/#organization\",\"name\":\"Mus\u00e9e Romain de Nyon\",\"url\":\"https:\\\/\\\/www.mrn.ch\\\/\",\"logo\":{\"@type\":\"ImageObject\",\"inLanguage\":\"en-US\",\"@id\":\"https:\\\/\\\/www.mrn.ch\\\/#\\\/schema\\\/logo\\\/image\\\/\",\"url\":\"http:\\\/\\\/www.mrn.ch\\\/wp-content\\\/uploads\\\/2023\\\/06\\\/ROMAIN-NYON-LOGO1-NOIR-1.png\",\"contentUrl\":\"http:\\\/\\\/www.mrn.ch\\\/wp-content\\\/uploads\\\/2023\\\/06\\\/ROMAIN-NYON-LOGO1-NOIR-1.png\",\"width\":664,\"height\":276,\"caption\":\"Mus\u00e9e Romain de Nyon\"},\"image\":{\"@id\":\"https:\\\/\\\/www.mrn.ch\\\/#\\\/schema\\\/logo\\\/image\\\/\"},\"sameAs\":[\"https:\\\/\\\/www.facebook.com\\\/museeromaindenyon\\\/\",\"https:\\\/\\\/www.instagram.com\\\/musee_romain_nyon\\\/\"]}]}<\/script>\n<!-- \/ Yoast SEO plugin. -->","yoast_head_json":{"title":"Supporters of the museum - RMN","robots":{"index":"index","follow":"follow","max-snippet":"max-snippet:-1","max-image-preview":"max-image-preview:large","max-video-preview":"max-video-preview:-1"},"canonical":"https:\/\/www.mrn.ch\/en\/supporters-of-the-museum\/","og_locale":"en_US","og_type":"article","og_title":"Supporters of the museum - RMN","og_description":"Foundation for the Development of the Roman Museum The Foundation for the Development of the Roman Museum of Nyon aims to support the development of Roman history in Nyon. It contributes to the conservation, study, presentation and dissemination of the Colonia Iulia Equestris&#8216;s exceptional archaeological heritage and the collections of the Roman Museum, which are [&hellip;]","og_url":"https:\/\/www.mrn.ch\/en\/supporters-of-the-museum\/","og_site_name":"RMN","article_publisher":"https:\/\/www.facebook.com\/museeromaindenyon\/","article_modified_time":"2024-03-25T09:36:59+00:00","twitter_card":"summary_large_image","twitter_misc":{"Est. reading time":"1 minute"},"schema":{"@context":"https:\/\/schema.org","@graph":[{"@type":"WebPage","@id":"https:\/\/www.mrn.ch\/en\/supporters-of-the-museum\/","url":"https:\/\/www.mrn.ch\/en\/supporters-of-the-museum\/","name":"Supporters of the museum - RMN","isPartOf":{"@id":"https:\/\/www.mrn.ch\/#website"},"datePublished":"2024-03-19T16:52:52+00:00","dateModified":"2024-03-25T09:36:59+00:00","breadcrumb":{"@id":"https:\/\/www.mrn.ch\/en\/supporters-of-the-museum\/#breadcrumb"},"inLanguage":"en-US","potentialAction":[{"@type":"ReadAction","target":["https:\/\/www.mrn.ch\/en\/supporters-of-the-museum\/"]}]},{"@type":"BreadcrumbList","@id":"https:\/\/www.mrn.ch\/en\/supporters-of-the-museum\/#breadcrumb","itemListElement":[{"@type":"ListItem","position":1,"name":"Accueil","item":"https:\/\/www.mrn.ch\/en\/"},{"@type":"ListItem","position":2,"name":"Supporters of the museum"}]},{"@type":"WebSite","@id":"https:\/\/www.mrn.ch\/#website","url":"https:\/\/www.mrn.ch\/","name":"MRN","description":"","publisher":{"@id":"https:\/\/www.mrn.ch\/#organization"},"potentialAction":[{"@type":"SearchAction","target":{"@type":"EntryPoint","urlTemplate":"https:\/\/www.mrn.ch\/?s={search_term_string}"},"query-input":{"@type":"PropertyValueSpecification","valueRequired":true,"valueName":"search_term_string"}}],"inLanguage":"en-US"},{"@type":"Organization","@id":"https:\/\/www.mrn.ch\/#organization","name":"Mus\u00e9e Romain de Nyon","url":"https:\/\/www.mrn.ch\/","logo":{"@type":"ImageObject","inLanguage":"en-US","@id":"https:\/\/www.mrn.ch\/#\/schema\/logo\/image\/","url":"http:\/\/www.mrn.ch\/wp-content\/uploads\/2023\/06\/ROMAIN-NYON-LOGO1-NOIR-1.png","contentUrl":"http:\/\/www.mrn.ch\/wp-content\/uploads\/2023\/06\/ROMAIN-NYON-LOGO1-NOIR-1.png","width":664,"height":276,"caption":"Mus\u00e9e Romain de Nyon"},"image":{"@id":"https:\/\/www.mrn.ch\/#\/schema\/logo\/image\/"},"sameAs":["https:\/\/www.facebook.com\/museeromaindenyon\/","https:\/\/www.instagram.com\/musee_romain_nyon\/"]}]}},"_links":{"self":[{"href":"https:\/\/www.mrn.ch\/en\/wp-json\/wp\/v2\/pages\/2817","targetHints":{"allow":["GET"]}}],"collection":[{"href":"https:\/\/www.mrn.ch\/en\/wp-json\/wp\/v2\/pages"}],"about":[{"href":"https:\/\/www.mrn.ch\/en\/wp-json\/wp\/v2\/types\/page"}],"author":[{"embeddable":true,"href":"https:\/\/www.mrn.ch\/en\/wp-json\/wp\/v2\/users\/3"}],"replies":[{"embeddable":true,"href":"https:\/\/www.mrn.ch\/en\/wp-json\/wp\/v2\/comments?post=2817"}],"version-history":[{"count":1,"href":"https:\/\/www.mrn.ch\/en\/wp-json\/wp\/v2\/pages\/2817\/revisions"}],"predecessor-version":[{"id":2818,"href":"https:\/\/www.mrn.ch\/en\/wp-json\/wp\/v2\/pages\/2817\/revisions\/2818"}],"wp:attachment":[{"href":"https:\/\/www.mrn.ch\/en\/wp-json\/wp\/v2\/media?parent=2817"}],"curies":[{"name":"wp","href":"https:\/\/api.w.org\/{rel}","templated":true}]}}